{"id":393,"date":"2022-10-27T09:28:16","date_gmt":"2022-10-27T09:28:16","guid":{"rendered":"http:\/\/uj.szaszsuli.hu\/?page_id=393"},"modified":"2022-11-08T09:55:26","modified_gmt":"2022-11-08T09:55:26","slug":"palyazati-hir","status":"publish","type":"page","link":"https:\/\/uj.szaszsuli.hu\/?page_id=393","title":{"rendered":"P\u00e1ly\u00e1zati h\u00edr"},"content":{"rendered":"\n<div class=\"wp-block-columns is-layout-flex wp-container-core-columns-is-layout-9d6595d7 wp-block-columns-is-layout-flex\">\n<div class=\"wp-block-column is-layout-flow wp-block-column-is-layout-flow\" style=\"flex-basis:33.33%\">\n<figure class=\"wp-block-image size-full\"><img loading=\"lazy\" decoding=\"async\" width=\"220\" height=\"229\" src=\"http:\/\/uj.szaszsuli.hu\/wp-content\/uploads\/2022\/10\/mfp_logo.jpg\" alt=\"\" class=\"wp-image-394\"\/><\/figure>\n<\/div>\n\n\n\n<div class=\"wp-block-column is-vertically-aligned-center is-layout-flow wp-block-column-is-layout-flow\" style=\"flex-basis:66.66%\">\n<p>\u00dajdons\u00e1ggal v\u00e1rjuk tanul\u00f3inkat szeptembert\u0151l, mert elk\u00e9sz\u00fclt a szabadt\u00e9ri tornap\u00e1lya az iskola m\u00f6g\u00f6tti ter\u00fcleten, melyet di\u00e1kjaink \u00e9s a telep\u00fcl\u00e9s lak\u00f3i egyar\u00e1nt haszn\u00e1lhatnak az \u00faj tan\u00e9vt\u0151l. Az eszk\u00f6z\u00f6ket a Magyar Falu Programban elnyert 2 milli\u00f3 forintos p\u00e1ly\u00e1zati t\u00e1mogat\u00e1sb\u00f3l v\u00e1s\u00e1rolta meg iskol\u00e1nk alap\u00edtv\u00e1nya, a \u201eSz\u00e1szv\u00e1r \u00faj \u00e1ltal\u00e1nos iskola \u00e9p\u00edt\u00e9s\u00e9nek t\u00e1mogat\u00e1s\u00e1ra Alap\u00edtv\u00e1ny\u201d.<\/p>\n<\/div>\n<\/div>\n\n\n\n<figure class=\"wp-block-image size-large\"><img loading=\"lazy\" decoding=\"async\" width=\"768\" height=\"1024\" src=\"http:\/\/uj.szaszsuli.hu\/wp-content\/uploads\/2022\/10\/296911559_3230237037232378_4390030611474136803_n-768x1024.jpg\" alt=\"\" class=\"wp-image-396\" srcset=\"https:\/\/uj.szaszsuli.hu\/wp-content\/uploads\/2022\/10\/296911559_3230237037232378_4390030611474136803_n-768x1024.jpg 768w, https:\/\/uj.szaszsuli.hu\/wp-content\/uploads\/2022\/10\/296911559_3230237037232378_4390030611474136803_n-225x300.jpg 225w, https:\/\/uj.szaszsuli.hu\/wp-content\/uploads\/2022\/10\/296911559_3230237037232378_4390030611474136803_n-1152x1536.jpg 1152w, https:\/\/uj.szaszsuli.hu\/wp-content\/uploads\/2022\/10\/296911559_3230237037232378_4390030611474136803_n-676x901.jpg 676w, https:\/\/uj.szaszsuli.hu\/wp-content\/uploads\/2022\/10\/296911559_3230237037232378_4390030611474136803_n.jpg 1530w\" sizes=\"auto, (max-width: 768px) 100vw, 768px\" \/><\/figure>\n\n\n\n<figure class=\"wp-block-image size-large\"><img loading=\"lazy\" decoding=\"async\" width=\"768\" height=\"1024\" src=\"http:\/\/uj.szaszsuli.hu\/wp-content\/uploads\/2022\/10\/296757567_576348940639120_3443443870482507649_n-768x1024.jpg\" alt=\"\" class=\"wp-image-397\" srcset=\"https:\/\/uj.szaszsuli.hu\/wp-content\/uploads\/2022\/10\/296757567_576348940639120_3443443870482507649_n-768x1024.jpg 768w, https:\/\/uj.szaszsuli.hu\/wp-content\/uploads\/2022\/10\/296757567_576348940639120_3443443870482507649_n-225x300.jpg 225w, https:\/\/uj.szaszsuli.hu\/wp-content\/uploads\/2022\/10\/296757567_576348940639120_3443443870482507649_n-1152x1536.jpg 1152w, https:\/\/uj.szaszsuli.hu\/wp-content\/uploads\/2022\/10\/296757567_576348940639120_3443443870482507649_n-676x901.jpg 676w, https:\/\/uj.szaszsuli.hu\/wp-content\/uploads\/2022\/10\/296757567_576348940639120_3443443870482507649_n.jpg 1530w\" sizes=\"auto, (max-width: 768px) 100vw, 768px\" \/><\/figure>\n\n\n\n<figure class=\"wp-block-image size-large\"><img loading=\"lazy\" decoding=\"async\" width=\"768\" height=\"1024\" src=\"http:\/\/uj.szaszsuli.hu\/wp-content\/uploads\/2022\/10\/296374560_1068388474049825_7779889748195702159_n-768x1024.jpg\" alt=\"\" class=\"wp-image-398\" srcset=\"https:\/\/uj.szaszsuli.hu\/wp-content\/uploads\/2022\/10\/296374560_1068388474049825_7779889748195702159_n-768x1024.jpg 768w, https:\/\/uj.szaszsuli.hu\/wp-content\/uploads\/2022\/10\/296374560_1068388474049825_7779889748195702159_n-225x300.jpg 225w, https:\/\/uj.szaszsuli.hu\/wp-content\/uploads\/2022\/10\/296374560_1068388474049825_7779889748195702159_n-1152x1536.jpg 1152w, https:\/\/uj.szaszsuli.hu\/wp-content\/uploads\/2022\/10\/296374560_1068388474049825_7779889748195702159_n-676x901.jpg 676w, https:\/\/uj.szaszsuli.hu\/wp-content\/uploads\/2022\/10\/296374560_1068388474049825_7779889748195702159_n.jpg 1530w\" sizes=\"auto, (max-width: 768px) 100vw, 768px\" \/><\/figure>\n\n\n\n<figure class=\"wp-block-image size-large\"><img loading=\"lazy\" decoding=\"async\" width=\"768\" height=\"1024\" src=\"http:\/\/uj.szaszsuli.hu\/wp-content\/uploads\/2022\/10\/313094561_1102553403789021_3878561338996994543_n-768x1024.jpg\" alt=\"\" class=\"wp-image-399\" srcset=\"https:\/\/uj.szaszsuli.hu\/wp-content\/uploads\/2022\/10\/313094561_1102553403789021_3878561338996994543_n-768x1024.jpg 768w, https:\/\/uj.szaszsuli.hu\/wp-content\/uploads\/2022\/10\/313094561_1102553403789021_3878561338996994543_n-225x300.jpg 225w, https:\/\/uj.szaszsuli.hu\/wp-content\/uploads\/2022\/10\/313094561_1102553403789021_3878561338996994543_n-1152x1536.jpg 1152w, https:\/\/uj.szaszsuli.hu\/wp-content\/uploads\/2022\/10\/313094561_1102553403789021_3878561338996994543_n-676x901.jpg 676w, https:\/\/uj.szaszsuli.hu\/wp-content\/uploads\/2022\/10\/313094561_1102553403789021_3878561338996994543_n.jpg 1488w\" sizes=\"auto, (max-width: 768px) 100vw, 768px\" \/><\/figure>\n\n\n\n<figure class=\"wp-block-image size-large\"><img loading=\"lazy\" decoding=\"async\" width=\"768\" height=\"1024\" src=\"http:\/\/uj.szaszsuli.hu\/wp-content\/uploads\/2022\/10\/312997235_815176096296589_1284587702437276424_n-768x1024.jpg\" alt=\"\" class=\"wp-image-400\" srcset=\"https:\/\/uj.szaszsuli.hu\/wp-content\/uploads\/2022\/10\/312997235_815176096296589_1284587702437276424_n-768x1024.jpg 768w, https:\/\/uj.szaszsuli.hu\/wp-content\/uploads\/2022\/10\/312997235_815176096296589_1284587702437276424_n-225x300.jpg 225w, https:\/\/uj.szaszsuli.hu\/wp-content\/uploads\/2022\/10\/312997235_815176096296589_1284587702437276424_n-1152x1536.jpg 1152w, https:\/\/uj.szaszsuli.hu\/wp-content\/uploads\/2022\/10\/312997235_815176096296589_1284587702437276424_n-676x901.jpg 676w, https:\/\/uj.szaszsuli.hu\/wp-content\/uploads\/2022\/10\/312997235_815176096296589_1284587702437276424_n.jpg 1488w\" sizes=\"auto, (max-width: 768px) 100vw, 768px\" \/><\/figure>\n\n\n\n<figure class=\"wp-block-image size-large\"><img loading=\"lazy\" decoding=\"async\" width=\"768\" height=\"1024\" src=\"http:\/\/uj.szaszsuli.hu\/wp-content\/uploads\/2022\/10\/312886669_503265488446634_3477339423944308589_n-768x1024.jpg\" alt=\"\" class=\"wp-image-401\" srcset=\"https:\/\/uj.szaszsuli.hu\/wp-content\/uploads\/2022\/10\/312886669_503265488446634_3477339423944308589_n-768x1024.jpg 768w, https:\/\/uj.szaszsuli.hu\/wp-content\/uploads\/2022\/10\/312886669_503265488446634_3477339423944308589_n-225x300.jpg 225w, https:\/\/uj.szaszsuli.hu\/wp-content\/uploads\/2022\/10\/312886669_503265488446634_3477339423944308589_n-1152x1536.jpg 1152w, https:\/\/uj.szaszsuli.hu\/wp-content\/uploads\/2022\/10\/312886669_503265488446634_3477339423944308589_n-676x901.jpg 676w, https:\/\/uj.szaszsuli.hu\/wp-content\/uploads\/2022\/10\/312886669_503265488446634_3477339423944308589_n.jpg 1488w\" sizes=\"auto, (max-width: 768px) 100vw, 768px\" \/><\/figure>\n\n\n\n<figure class=\"wp-block-image size-large\"><img loading=\"lazy\" decoding=\"async\" width=\"1024\" height=\"768\" src=\"http:\/\/uj.szaszsuli.hu\/wp-content\/uploads\/2022\/10\/313128402_525048975730963_2063829216431772313_n-1-1024x768.jpg\" alt=\"\" class=\"wp-image-402\" srcset=\"https:\/\/uj.szaszsuli.hu\/wp-content\/uploads\/2022\/10\/313128402_525048975730963_2063829216431772313_n-1-1024x768.jpg 1024w, https:\/\/uj.szaszsuli.hu\/wp-content\/uploads\/2022\/10\/313128402_525048975730963_2063829216431772313_n-1-300x225.jpg 300w, https:\/\/uj.szaszsuli.hu\/wp-content\/uploads\/2022\/10\/313128402_525048975730963_2063829216431772313_n-1-768x576.jpg 768w, https:\/\/uj.szaszsuli.hu\/wp-content\/uploads\/2022\/10\/313128402_525048975730963_2063829216431772313_n-1-1536x1152.jpg 1536w, https:\/\/uj.szaszsuli.hu\/wp-content\/uploads\/2022\/10\/313128402_525048975730963_2063829216431772313_n-1-676x507.jpg 676w, https:\/\/uj.szaszsuli.hu\/wp-content\/uploads\/2022\/10\/313128402_525048975730963_2063829216431772313_n-1.jpg 1984w\" sizes=\"auto, (max-width: 1024px) 100vw, 1024px\" \/><\/figure>\n\n\n\n<hr class=\"wp-block-separator has-alpha-channel-opacity\"\/>\n\n\n\n<p><strong>\u201eSommer Camp II. 2022 N\u00e9met Kismesters\u00e9gek nyom\u00e1ban\u201d<\/strong> c\u00edmmel 2022. 06. 27- 07. 01 &#8211; je k\u00f6z\u00f6tt 20 nemzetis\u00e9gi n\u00e9metet tanul\u00f3 di\u00e1k vehetett r\u00e9szt imm\u00e1r m\u00e1sodik alkalommal hagyom\u00e1ny\u0151rz\u0151 n\u00e9met nyelvi t\u00e1borban a Kiss Gy\u00f6rgy \u00c1ltal\u00e1nos Iskola \u00e9s AMI szervez\u00e9s\u00e9ben. A 20 f\u0151 4.-5.-6.-os tanul\u00f3 &nbsp;a hagyom\u00e1nyos&nbsp; szappank\u00e9sz\u00edt\u0151, gyertya\u00f6nt\u0151, n\u00e9pi varr\u00f3-h\u00edmz\u0151, k\u00e9kfest\u0151 (batikol\u00f3), asztalos \u00e9s moln\u00e1r mesters\u00e9g fog\u00e1saival ismerkedhetett meg. A foglalkoz\u00e1sok sor\u00e1n k\u00e9sz\u00fcltek \u00f6nt\u00f6tt \u00e9s m\u00e1rtott, n\u00e9met feliratos gyerty\u00e1k, varrt monogrammal ell\u00e1tott zsebkend\u0151-tart\u00f3k \u00e9s illatzs\u00e1kok, batikolt tornazs\u00e1kok \u00e9s kend\u0151k. A t\u00e1bor z\u00e1r\u00f3napj\u00e1n a hajdan betelep\u00fclt n\u00e9met polg\u00e1rok \u00e1ltal haszn\u00e1lt \u00e9s ma m\u00e1r jelk\u00e9pp\u00e9 v\u00e1lt haj\u00f3, az \u201eUlmer Schachtel\u201d makettj\u00e9t \u00e9p\u00edtett\u00e9k meg. Volt benne kih\u00edv\u00e1s, de a gyerekek lelkesek \u00e9s nagyon \u00fcgyesek voltak, \u00edgy a nap v\u00e9g\u00e9n 20 db kis haj\u00f3 k\u00e9sz\u00fclt el a ki\u00e1ll\u00edt\u00e1sra. Kir\u00e1ndulni is voltak Mecsekn\u00e1dasdon, ahol felkerest\u00e9k a N\u00e9met Nemzetis\u00e9gi Tan\u00f6sv\u00e9nyt \u00e9s a \u201egazdag\u201d nemzetis\u00e9gi gy\u0171jtem\u00e9nnyel rendelkez\u0151 N\u00e9met Nemzetis\u00e9gi T\u00e1jh\u00e1zat. Megl\u00e1togatt\u00e1k a Keszler-v\u00edzimalmot is, ahol el\u0151ad\u00e1st hallhattak a moln\u00e1r mesters\u00e9gr\u0151l. Voltak a Schlossberg v\u00e1rhegyen, ahol a nagy h\u0151s\u00e9g ellen\u00e9re a v\u00e1rromot \u00e9s a kil\u00e1t\u00f3t is megm\u00e1szt\u00e1k. A meleg id\u0151 lehet\u0151s\u00e9get adott a f\u00fcrd\u00e9sre a bonyh\u00e1di strandon. A tanul\u00f3k sz\u00e1m\u00e1ra ez a gazdag programot tartalmaz\u00f3 t\u00e1bor teljesen ingyenes volt. Mindezt k\u00f6sz\u00f6nhetj\u00fck a Bethlen G\u00e1bor Alapkezel\u0151 \u00e1ltal ki\u00edrt NTAB-KP-1-2022 p\u00e1ly\u00e1zaton elnyert 500.000 Ft-os t\u00e1mogat\u00e1snak, Sz\u00e1szv\u00e1r Nagyk\u00f6zs\u00e9g \u00d6nkorm\u00e1nyzat\u00e1t\u00f3l kapott buszk\u00f6lts\u00e9gnek \u00e9s Sz\u00e1szv\u00e1r Nagyk\u00f6zs\u00e9g N\u00e9met \u00d6nkorm\u00e1nyzata \u00e1ltal adott 350.000 Ft-nak. Sz\u00e1nd\u00e9kunkban \u00e1ll a t\u00e1bort 2 \u00e9vente megism\u00e9telni, hogy min\u00e9l t\u00f6bb n\u00e9metet tanul\u00f3 gyermek ismerkedhessen meg nagysz\u00fcleik, d\u00e9dsz\u00fcleik hagyom\u00e1nyos n\u00e9pi mesters\u00e9geivel. A t\u00e1bor programjait Teleki Tiborn\u00e9 W\u00e1ger Marianna szervezte, a megval\u00f3s\u00edt\u00e1sban seg\u00edt\u0151je Radics Be\u00e1ta Anetta volt.<\/p>\n\n\n\n<figure class=\"wp-block-image size-full\"><img loading=\"lazy\" decoding=\"async\" width=\"452\" height=\"118\" src=\"http:\/\/uj.szaszsuli.hu\/wp-content\/uploads\/2022\/11\/kormany_tam_logo.jpg\" alt=\"\" class=\"wp-image-415\" srcset=\"https:\/\/uj.szaszsuli.hu\/wp-content\/uploads\/2022\/11\/kormany_tam_logo.jpg 452w, https:\/\/uj.szaszsuli.hu\/wp-content\/uploads\/2022\/11\/kormany_tam_logo-300x78.jpg 300w\" sizes=\"auto, (max-width: 452px) 100vw, 452px\" \/><\/figure>\n\n\n\n<figure class=\"wp-block-image size-large\"><img loading=\"lazy\" decoding=\"async\" width=\"1024\" height=\"683\" src=\"http:\/\/uj.szaszsuli.hu\/wp-content\/uploads\/2022\/11\/1.-1024x683.jpg\" alt=\"\" class=\"wp-image-416\" srcset=\"https:\/\/uj.szaszsuli.hu\/wp-content\/uploads\/2022\/11\/1.-1024x683.jpg 1024w, https:\/\/uj.szaszsuli.hu\/wp-content\/uploads\/2022\/11\/1.-300x200.jpg 300w, https:\/\/uj.szaszsuli.hu\/wp-content\/uploads\/2022\/11\/1.-768x512.jpg 768w, https:\/\/uj.szaszsuli.hu\/wp-content\/uploads\/2022\/11\/1.-1536x1024.jpg 1536w, https:\/\/uj.szaszsuli.hu\/wp-content\/uploads\/2022\/11\/1.-2048x1365.jpg 2048w, https:\/\/uj.szaszsuli.hu\/wp-content\/uploads\/2022\/11\/1.-676x451.jpg 676w\" sizes=\"auto, (max-width: 1024px) 100vw, 1024px\" \/><\/figure>\n\n\n\n<figure class=\"wp-block-image size-large\"><img loading=\"lazy\" decoding=\"async\" width=\"1024\" height=\"683\" src=\"http:\/\/uj.szaszsuli.hu\/wp-content\/uploads\/2022\/11\/2.-1024x683.jpg\" alt=\"\" class=\"wp-image-417\" srcset=\"https:\/\/uj.szaszsuli.hu\/wp-content\/uploads\/2022\/11\/2.-1024x683.jpg 1024w, https:\/\/uj.szaszsuli.hu\/wp-content\/uploads\/2022\/11\/2.-300x200.jpg 300w, https:\/\/uj.szaszsuli.hu\/wp-content\/uploads\/2022\/11\/2.-768x512.jpg 768w, https:\/\/uj.szaszsuli.hu\/wp-content\/uploads\/2022\/11\/2.-1536x1024.jpg 1536w, https:\/\/uj.szaszsuli.hu\/wp-content\/uploads\/2022\/11\/2.-2048x1365.jpg 2048w, https:\/\/uj.szaszsuli.hu\/wp-content\/uploads\/2022\/11\/2.-676x451.jpg 676w\" sizes=\"auto, (max-width: 1024px) 100vw, 1024px\" \/><\/figure>\n\n\n\n<figure class=\"wp-block-image size-large\"><img loading=\"lazy\" decoding=\"async\" width=\"1024\" height=\"683\" src=\"http:\/\/uj.szaszsuli.hu\/wp-content\/uploads\/2022\/11\/3.-1024x683.jpg\" alt=\"\" class=\"wp-image-418\" srcset=\"https:\/\/uj.szaszsuli.hu\/wp-content\/uploads\/2022\/11\/3.-1024x683.jpg 1024w, https:\/\/uj.szaszsuli.hu\/wp-content\/uploads\/2022\/11\/3.-300x200.jpg 300w, https:\/\/uj.szaszsuli.hu\/wp-content\/uploads\/2022\/11\/3.-768x512.jpg 768w, https:\/\/uj.szaszsuli.hu\/wp-content\/uploads\/2022\/11\/3.-1536x1024.jpg 1536w, https:\/\/uj.szaszsuli.hu\/wp-content\/uploads\/2022\/11\/3.-2048x1365.jpg 2048w, https:\/\/uj.szaszsuli.hu\/wp-content\/uploads\/2022\/11\/3.-676x451.jpg 676w\" sizes=\"auto, (max-width: 1024px) 100vw, 1024px\" \/><\/figure>\n\n\n\n<figure class=\"wp-block-image size-large\"><img loading=\"lazy\" decoding=\"async\" width=\"1024\" height=\"768\" src=\"http:\/\/uj.szaszsuli.hu\/wp-content\/uploads\/2022\/11\/4.-1024x768.jpg\" alt=\"\" class=\"wp-image-419\" srcset=\"https:\/\/uj.szaszsuli.hu\/wp-content\/uploads\/2022\/11\/4.-1024x768.jpg 1024w, https:\/\/uj.szaszsuli.hu\/wp-content\/uploads\/2022\/11\/4.-300x225.jpg 300w, https:\/\/uj.szaszsuli.hu\/wp-content\/uploads\/2022\/11\/4.-768x576.jpg 768w, https:\/\/uj.szaszsuli.hu\/wp-content\/uploads\/2022\/11\/4.-1536x1152.jpg 1536w, https:\/\/uj.szaszsuli.hu\/wp-content\/uploads\/2022\/11\/4.-676x507.jpg 676w, https:\/\/uj.szaszsuli.hu\/wp-content\/uploads\/2022\/11\/4..jpg 2016w\" sizes=\"auto, (max-width: 1024px) 100vw, 1024px\" \/><\/figure>\n\n\n\n<figure class=\"wp-block-image size-large\"><img loading=\"lazy\" decoding=\"async\" width=\"768\" height=\"1024\" src=\"http:\/\/uj.szaszsuli.hu\/wp-content\/uploads\/2022\/11\/5.-768x1024.jpg\" alt=\"\" class=\"wp-image-420\" srcset=\"https:\/\/uj.szaszsuli.hu\/wp-content\/uploads\/2022\/11\/5.-768x1024.jpg 768w, https:\/\/uj.szaszsuli.hu\/wp-content\/uploads\/2022\/11\/5.-225x300.jpg 225w, https:\/\/uj.szaszsuli.hu\/wp-content\/uploads\/2022\/11\/5.-1152x1536.jpg 1152w, https:\/\/uj.szaszsuli.hu\/wp-content\/uploads\/2022\/11\/5.-676x901.jpg 676w, https:\/\/uj.szaszsuli.hu\/wp-content\/uploads\/2022\/11\/5..jpg 1536w\" sizes=\"auto, (max-width: 768px) 100vw, 768px\" \/><\/figure>\n\n\n\n<figure class=\"wp-block-image size-large\"><img loading=\"lazy\" decoding=\"async\" width=\"768\" height=\"1024\" src=\"http:\/\/uj.szaszsuli.hu\/wp-content\/uploads\/2022\/11\/6.-768x1024.jpg\" alt=\"\" class=\"wp-image-421\" srcset=\"https:\/\/uj.szaszsuli.hu\/wp-content\/uploads\/2022\/11\/6.-768x1024.jpg 768w, https:\/\/uj.szaszsuli.hu\/wp-content\/uploads\/2022\/11\/6.-225x300.jpg 225w, https:\/\/uj.szaszsuli.hu\/wp-content\/uploads\/2022\/11\/6.-1152x1536.jpg 1152w, https:\/\/uj.szaszsuli.hu\/wp-content\/uploads\/2022\/11\/6.-676x901.jpg 676w, https:\/\/uj.szaszsuli.hu\/wp-content\/uploads\/2022\/11\/6..jpg 1170w\" sizes=\"auto, (max-width: 768px) 100vw, 768px\" \/><\/figure>\n\n\n\n<figure class=\"wp-block-image size-large\"><img loading=\"lazy\" decoding=\"async\" width=\"1024\" height=\"768\" src=\"http:\/\/uj.szaszsuli.hu\/wp-content\/uploads\/2022\/11\/7.-1024x768.jpg\" alt=\"\" class=\"wp-image-422\" srcset=\"https:\/\/uj.szaszsuli.hu\/wp-content\/uploads\/2022\/11\/7.-1024x768.jpg 1024w, https:\/\/uj.szaszsuli.hu\/wp-content\/uploads\/2022\/11\/7.-300x225.jpg 300w, https:\/\/uj.szaszsuli.hu\/wp-content\/uploads\/2022\/11\/7.-768x576.jpg 768w, https:\/\/uj.szaszsuli.hu\/wp-content\/uploads\/2022\/11\/7.-1536x1152.jpg 1536w, https:\/\/uj.szaszsuli.hu\/wp-content\/uploads\/2022\/11\/7.-676x507.jpg 676w, https:\/\/uj.szaszsuli.hu\/wp-content\/uploads\/2022\/11\/7..jpg 1560w\" sizes=\"auto, (max-width: 1024px) 100vw, 1024px\" \/><\/figure>\n\n\n\n<figure class=\"wp-block-image size-large\"><img loading=\"lazy\" decoding=\"async\" width=\"768\" height=\"1024\" src=\"http:\/\/uj.szaszsuli.hu\/wp-content\/uploads\/2022\/11\/8.-768x1024.jpg\" alt=\"\" class=\"wp-image-423\" srcset=\"https:\/\/uj.szaszsuli.hu\/wp-content\/uploads\/2022\/11\/8.-768x1024.jpg 768w, https:\/\/uj.szaszsuli.hu\/wp-content\/uploads\/2022\/11\/8.-225x300.jpg 225w, https:\/\/uj.szaszsuli.hu\/wp-content\/uploads\/2022\/11\/8.-1152x1536.jpg 1152w, https:\/\/uj.szaszsuli.hu\/wp-content\/uploads\/2022\/11\/8.-676x901.jpg 676w, https:\/\/uj.szaszsuli.hu\/wp-content\/uploads\/2022\/11\/8..jpg 1170w\" sizes=\"auto, (max-width: 768px) 100vw, 768px\" \/><\/figure>\n\n\n\n<figure class=\"wp-block-image size-large\"><img loading=\"lazy\" decoding=\"async\" width=\"768\" height=\"1024\" src=\"http:\/\/uj.szaszsuli.hu\/wp-content\/uploads\/2022\/11\/9.-768x1024.jpg\" alt=\"\" class=\"wp-image-424\" srcset=\"https:\/\/uj.szaszsuli.hu\/wp-content\/uploads\/2022\/11\/9.-768x1024.jpg 768w, https:\/\/uj.szaszsuli.hu\/wp-content\/uploads\/2022\/11\/9.-225x300.jpg 225w, https:\/\/uj.szaszsuli.hu\/wp-content\/uploads\/2022\/11\/9.-1152x1536.jpg 1152w, https:\/\/uj.szaszsuli.hu\/wp-content\/uploads\/2022\/11\/9.-676x901.jpg 676w, https:\/\/uj.szaszsuli.hu\/wp-content\/uploads\/2022\/11\/9..jpg 1296w\" sizes=\"auto, (max-width: 768px) 100vw, 768px\" \/><\/figure>\n\n\n\n<figure class=\"wp-block-image size-large\"><img loading=\"lazy\" decoding=\"async\" width=\"768\" height=\"1024\" src=\"http:\/\/uj.szaszsuli.hu\/wp-content\/uploads\/2022\/11\/10.-768x1024.jpg\" alt=\"\" class=\"wp-image-425\" srcset=\"https:\/\/uj.szaszsuli.hu\/wp-content\/uploads\/2022\/11\/10.-768x1024.jpg 768w, https:\/\/uj.szaszsuli.hu\/wp-content\/uploads\/2022\/11\/10.-225x300.jpg 225w, https:\/\/uj.szaszsuli.hu\/wp-content\/uploads\/2022\/11\/10.-1152x1536.jpg 1152w, https:\/\/uj.szaszsuli.hu\/wp-content\/uploads\/2022\/11\/10.-676x901.jpg 676w, https:\/\/uj.szaszsuli.hu\/wp-content\/uploads\/2022\/11\/10..jpg 1170w\" sizes=\"auto, (max-width: 768px) 100vw, 768px\" \/><\/figure>\n\n\n\n<figure class=\"wp-block-image size-large\"><img loading=\"lazy\" decoding=\"async\" width=\"768\" height=\"1024\" src=\"http:\/\/uj.szaszsuli.hu\/wp-content\/uploads\/2022\/11\/11.-768x1024.jpg\" alt=\"\" class=\"wp-image-426\" srcset=\"https:\/\/uj.szaszsuli.hu\/wp-content\/uploads\/2022\/11\/11.-768x1024.jpg 768w, https:\/\/uj.szaszsuli.hu\/wp-content\/uploads\/2022\/11\/11.-225x300.jpg 225w, https:\/\/uj.szaszsuli.hu\/wp-content\/uploads\/2022\/11\/11.-1152x1536.jpg 1152w, https:\/\/uj.szaszsuli.hu\/wp-content\/uploads\/2022\/11\/11.-676x901.jpg 676w, https:\/\/uj.szaszsuli.hu\/wp-content\/uploads\/2022\/11\/11..jpg 1296w\" sizes=\"auto, (max-width: 768px) 100vw, 768px\" \/><\/figure>\n\n\n\n<figure class=\"wp-block-image size-large\"><img loading=\"lazy\" decoding=\"async\" width=\"768\" height=\"1024\" src=\"http:\/\/uj.szaszsuli.hu\/wp-content\/uploads\/2022\/11\/12.-768x1024.jpg\" alt=\"\" class=\"wp-image-427\" srcset=\"https:\/\/uj.szaszsuli.hu\/wp-content\/uploads\/2022\/11\/12.-768x1024.jpg 768w, https:\/\/uj.szaszsuli.hu\/wp-content\/uploads\/2022\/11\/12.-225x300.jpg 225w, https:\/\/uj.szaszsuli.hu\/wp-content\/uploads\/2022\/11\/12.-1152x1536.jpg 1152w, https:\/\/uj.szaszsuli.hu\/wp-content\/uploads\/2022\/11\/12.-676x901.jpg 676w, https:\/\/uj.szaszsuli.hu\/wp-content\/uploads\/2022\/11\/12..jpg 1296w\" sizes=\"auto, (max-width: 768px) 100vw, 768px\" \/><\/figure>\n","protected":false},"excerpt":{"rendered":"<p>\u00dajdons\u00e1ggal v\u00e1rjuk tanul\u00f3inkat szeptembert\u0151l, mert elk\u00e9sz\u00fclt a szabadt\u00e9ri tornap\u00e1lya az iskola m\u00f6g\u00f6tti ter\u00fcleten, melyet di\u00e1kjaink \u00e9s a telep\u00fcl\u00e9s lak\u00f3i egyar\u00e1nt haszn\u00e1lhatnak az \u00faj tan\u00e9vt\u0151l. Az eszk\u00f6z\u00f6ket a Magyar Falu Programban elnyert 2 milli\u00f3 forintos p\u00e1ly\u00e1zati t\u00e1mogat\u00e1sb\u00f3l v\u00e1s\u00e1rolta meg iskol\u00e1nk alap\u00edtv\u00e1nya, a \u201eSz\u00e1szv\u00e1r \u00faj \u00e1ltal\u00e1nos iskola \u00e9p\u00edt\u00e9s\u00e9nek t\u00e1mogat\u00e1s\u00e1ra Alap\u00edtv\u00e1ny\u201d. \u201eSommer Camp II. 2022 N\u00e9met Kismesters\u00e9gek nyom\u00e1ban\u201d [&hellip;]<\/p>\n","protected":false},"author":1,"featured_media":0,"parent":0,"menu_order":0,"comment_status":"closed","ping_status":"closed","template":"","meta":{"footnotes":""},"class_list":["post-393","page","type-page","status-publish","hentry","post-preview"],"_links":{"self":[{"href":"https:\/\/uj.szaszsuli.hu\/index.php?rest_route=\/wp\/v2\/pages\/393","targetHints":{"allow":["GET"]}}],"collection":[{"href":"https:\/\/uj.szaszsuli.hu\/index.php?rest_route=\/wp\/v2\/pages"}],"about":[{"href":"https:\/\/uj.szaszsuli.hu\/index.php?rest_route=\/wp\/v2\/types\/page"}],"author":[{"embeddable":true,"href":"https:\/\/uj.szaszsuli.hu\/index.php?rest_route=\/wp\/v2\/users\/1"}],"replies":[{"embeddable":true,"href":"https:\/\/uj.szaszsuli.hu\/index.php?rest_route=%2Fwp%2Fv2%2Fcomments&post=393"}],"version-history":[{"count":4,"href":"https:\/\/uj.szaszsuli.hu\/index.php?rest_route=\/wp\/v2\/pages\/393\/revisions"}],"predecessor-version":[{"id":429,"href":"https:\/\/uj.szaszsuli.hu\/index.php?rest_route=\/wp\/v2\/pages\/393\/revisions\/429"}],"wp:attachment":[{"href":"https:\/\/uj.szaszsuli.hu\/index.php?rest_route=%2Fwp%2Fv2%2Fmedia&parent=393"}],"curies":[{"name":"wp","href":"https:\/\/api.w.org\/{rel}","templated":true}]}}