{"id":109,"date":"2022-08-24T07:10:17","date_gmt":"2022-08-24T07:10:17","guid":{"rendered":"http:\/\/uj.szaszsuli.hu\/?page_id=109"},"modified":"2025-10-20T12:01:40","modified_gmt":"2025-10-20T12:01:40","slug":"dokumentumok","status":"publish","type":"page","link":"https:\/\/uj.szaszsuli.hu\/?page_id=109","title":{"rendered":"Dokumentumok"},"content":{"rendered":"\n<div class=\"wp-block-group\"><div class=\"wp-block-group__inner-container is-layout-flow wp-block-group-is-layout-flow\">\n<p>K\u00f6z\u00e9rdek\u0171<\/p>\n\n\n\n<div class=\"wp-block-file\"><a id=\"wp-block-file--media-f22a7729-2ea6-4f58-8ff2-6a07ac7c7734\" href=\"http:\/\/uj.szaszsuli.hu\/wp-content\/uploads\/2022\/08\/Intezmenyvezetoi-palyazatom.pdf\">Magl\u00f3din\u00e9 Horv\u00e1th Ildik\u00f3 int\u00e9zm\u00e9nyvezet\u0151i p\u00e1ly\u00e1zata<\/a><\/div>\n\n\n\n<div data-wp-interactive=\"core\/file\" class=\"wp-block-file\"><object data-wp-bind--hidden=\"!state.hasPdfPreview\" hidden class=\"wp-block-file__embed\" data=\"https:\/\/uj.szaszsuli.hu\/wp-content\/uploads\/2025\/09\/Munkaterv-a-2025-26-os-tanevre-1.pdf\" type=\"application\/pdf\" style=\"width:100%;height:600px\" aria-label=\"Munkaterv a 2025-26-os tan\u00e9vre-1 be\u00e1gyaz\u00e1sa\"><\/object><a id=\"wp-block-file--media-e00f596e-afe5-4b52-a7e6-56b27a7f3678\" href=\"https:\/\/uj.szaszsuli.hu\/wp-content\/uploads\/2025\/09\/Munkaterv-a-2025-26-os-tanevre-1.pdf\">Munkaterv a 2025-26-os tan\u00e9vre-1<\/a><\/div>\n\n\n\n<div class=\"wp-block-file\"><a id=\"wp-block-file--media-e536014c-8e08-4a18-913a-397d02e9f5c7\" href=\"http:\/\/uj.szaszsuli.hu\/wp-content\/uploads\/2024\/10\/Pedagogusaink-2024-25.docx\">Pedagogusaink-2024-25<\/a><\/div>\n<\/div><\/div>\n\n\n\n<div class=\"wp-block-group\"><div class=\"wp-block-group__inner-container is-layout-flow wp-block-group-is-layout-flow\">\n<p>M\u00c9R\u00c9SI EREDM\u00c9NYEK<\/p>\n\n\n\n<div class=\"wp-block-file\"><a id=\"wp-block-file--media-477787ff-087d-4424-819d-69c8c8ad186f\" href=\"http:\/\/uj.szaszsuli.hu\/wp-content\/uploads\/2022\/08\/idegen_nyelvi_meres2021.pdf\">IDEGEN NYELVI M\u00c9R\u00c9S EREDM\u00c9NYE &#8211; 2021<\/a><\/div>\n<\/div><\/div>\n\n\n\n<div class=\"wp-block-group\"><div class=\"wp-block-group__inner-container is-layout-flow wp-block-group-is-layout-flow\">\n<p>SZAB\u00c1LYZATAINK<\/p>\n\n\n\n<div class=\"wp-block-file\"><a id=\"wp-block-file--media-2ba3c061-df01-45d9-a07c-f976d0852a4e\" href=\"https:\/\/uj.szaszsuli.hu\/wp-content\/uploads\/2025\/09\/2025.-szept.-1-tol-ervenyes-SZMSZ-Kiss-Gyorgy-Alt.-Isk.-es-AMI.docx\">2025. szept. 1-t\u0151l \u00e9rv\u00e9nyes SZMSZ Kiss Gy\u00f6rgy \u00c1lt. Isk. \u00e9s AMI<\/a><a href=\"https:\/\/uj.szaszsuli.hu\/wp-content\/uploads\/2025\/09\/2025.-szept.-1-tol-ervenyes-SZMSZ-Kiss-Gyorgy-Alt.-Isk.-es-AMI.docx\" class=\"wp-block-file__button wp-element-button\" download aria-describedby=\"wp-block-file--media-2ba3c061-df01-45d9-a07c-f976d0852a4e\">Let\u00f6lt\u00e9s<\/a><\/div>\n\n\n\n<div class=\"wp-block-file\"><a id=\"wp-block-file--media-b8e358dc-059b-4912-9a53-9b159081d6ba\" href=\"https:\/\/uj.szaszsuli.hu\/wp-content\/uploads\/2025\/09\/2025.-szept.-1-tol-ervenyes-PP-Kiss-Gyorgy-Alt.-Isk.-es-AMI-mellekletekkel-egyutt.docx\">2025. szept. 1-t\u0151l \u00e9rv\u00e9nyes PP Kiss Gy\u00f6rgy \u00c1lt. Isk. \u00e9s AMI-mell\u00e9kletekkel egy\u00fctt<\/a><a href=\"https:\/\/uj.szaszsuli.hu\/wp-content\/uploads\/2025\/09\/2025.-szept.-1-tol-ervenyes-PP-Kiss-Gyorgy-Alt.-Isk.-es-AMI-mellekletekkel-egyutt.docx\" class=\"wp-block-file__button wp-element-button\" download aria-describedby=\"wp-block-file--media-b8e358dc-059b-4912-9a53-9b159081d6ba\">Let\u00f6lt\u00e9s<\/a><\/div>\n\n\n\n<div class=\"wp-block-group is-vertical is-layout-flex wp-container-core-group-is-layout-8cf370e7 wp-block-group-is-layout-flex\"><\/div>\n\n\n\n<div class=\"wp-block-file\"><a id=\"wp-block-file--media-a2acfd06-cac6-4ef7-b6c4-ebc954525af6\" href=\"https:\/\/uj.szaszsuli.hu\/wp-content\/uploads\/2025\/09\/Hazirend-2025.-szeptember-1-tol-ervenyes-valtozat.docx\">H\u00e1zirend &#8211; 2025. szeptember 1-t\u0151l \u00e9rv\u00e9nyes v\u00e1ltozat<\/a><\/div>\n<\/div><\/div>\n\n\n\n<div class=\"wp-block-file\"><a id=\"wp-block-file--media-57c5c894-6aef-48f6-9f83-65477c0cb51d\" href=\"http:\/\/uj.szaszsuli.hu\/wp-content\/uploads\/2024\/03\/Helyi-tantervek.docx\">Helyi-tantervek<\/a><a href=\"http:\/\/uj.szaszsuli.hu\/wp-content\/uploads\/2024\/03\/Helyi-tantervek.docx\" class=\"wp-block-file__button wp-element-button\" download aria-describedby=\"wp-block-file--media-57c5c894-6aef-48f6-9f83-65477c0cb51d\">Let\u00f6lt\u00e9s<\/a><\/div>\n\n\n\n<p>K\u00dcL\u00d6N\u00d6S K\u00d6ZZ\u00c9T\u00c9TELI LISTA:<\/p>\n\n\n\n<div class=\"wp-block-file\"><a id=\"wp-block-file--media-49a0fe06-d825-4e81-9a52-0660d79e7f03\" href=\"https:\/\/uj.szaszsuli.hu\/wp-content\/uploads\/2025\/10\/Teljes-kozzeteteli-lista-2025.-oktober-1-jei-allapot.doc\">Teljes k\u00f6zz\u00e9t\u00e9teli lista 2025. okt\u00f3ber 1-jei \u00e1llapot<\/a><\/div>\n\n\n\n<div class=\"wp-block-file\"><a id=\"wp-block-file--media-2d12d745-4f16-4f06-9da2-18ce86ec72ab\" href=\"http:\/\/uj.szaszsuli.hu\/wp-content\/uploads\/2024\/10\/Diak-etikai-kodex.docx\">Di\u00e1k etikai k\u00f3dex<\/a><a href=\"http:\/\/uj.szaszsuli.hu\/wp-content\/uploads\/2024\/10\/Diak-etikai-kodex.docx\" class=\"wp-block-file__button wp-element-button\" download aria-describedby=\"wp-block-file--media-2d12d745-4f16-4f06-9da2-18ce86ec72ab\">Let\u00f6lt\u00e9s<\/a><\/div>\n","protected":false},"excerpt":{"rendered":"<p>K\u00f6z\u00e9rdek\u0171 M\u00c9R\u00c9SI EREDM\u00c9NYEK SZAB\u00c1LYZATAINK K\u00dcL\u00d6N\u00d6S K\u00d6ZZ\u00c9T\u00c9TELI LISTA:<\/p>\n","protected":false},"author":1,"featured_media":0,"parent":0,"menu_order":0,"comment_status":"closed","ping_status":"closed","template":"template-nosidebar.php","meta":{"footnotes":""},"class_list":["post-109","page","type-page","status-publish","hentry","post-preview"],"_links":{"self":[{"href":"https:\/\/uj.szaszsuli.hu\/index.php?rest_route=\/wp\/v2\/pages\/109","targetHints":{"allow":["GET"]}}],"collection":[{"href":"https:\/\/uj.szaszsuli.hu\/index.php?rest_route=\/wp\/v2\/pages"}],"about":[{"href":"https:\/\/uj.szaszsuli.hu\/index.php?rest_route=\/wp\/v2\/types\/page"}],"author":[{"embeddable":true,"href":"https:\/\/uj.szaszsuli.hu\/index.php?rest_route=\/wp\/v2\/users\/1"}],"replies":[{"embeddable":true,"href":"https:\/\/uj.szaszsuli.hu\/index.php?rest_route=%2Fwp%2Fv2%2Fcomments&post=109"}],"version-history":[{"count":44,"href":"https:\/\/uj.szaszsuli.hu\/index.php?rest_route=\/wp\/v2\/pages\/109\/revisions"}],"predecessor-version":[{"id":1016,"href":"https:\/\/uj.szaszsuli.hu\/index.php?rest_route=\/wp\/v2\/pages\/109\/revisions\/1016"}],"wp:attachment":[{"href":"https:\/\/uj.szaszsuli.hu\/index.php?rest_route=%2Fwp%2Fv2%2Fmedia&parent=109"}],"curies":[{"name":"wp","href":"https:\/\/api.w.org\/{rel}","templated":true}]}}